{"id":1664,"date":"2024-10-31T19:06:38","date_gmt":"2024-10-31T18:06:38","guid":{"rendered":"https:\/\/www.mecanoviga.com\/?page_id=1664"},"modified":"2024-11-04T17:05:55","modified_gmt":"2024-11-04T16:05:55","slug":"politica-de-privacitat","status":"publish","type":"page","link":"https:\/\/www.mecanoviga.com\/ca\/politica-de-privacitat\/","title":{"rendered":"Pol\u00edtica de Privacitat"},"content":{"rendered":"\t\t<div data-elementor-type=\"wp-page\" data-elementor-id=\"1664\" class=\"elementor elementor-1664\" data-elementor-post-type=\"page\">\n\t\t\t\t\t\t<section data-particle_enable=\"false\" data-particle-mobile-disabled=\"false\" class=\"elementor-section elementor-top-section elementor-element elementor-element-7d378d1 elementor-section-boxed elementor-section-height-default elementor-section-height-default\" data-id=\"7d378d1\" data-element_type=\"section\">\n\t\t\t\t\t\t<div class=\"elementor-container elementor-column-gap-default\">\n\t\t\t\t\t<div class=\"elementor-column elementor-col-100 elementor-top-column elementor-element elementor-element-84e05c0\" data-id=\"84e05c0\" data-element_type=\"column\">\n\t\t\t<div class=\"elementor-widget-wrap elementor-element-populated\">\n\t\t\t\t\t\t<div class=\"elementor-element elementor-element-a1cb6a7 elementor-widget elementor-widget-spacer\" data-id=\"a1cb6a7\" data-element_type=\"widget\" data-widget_type=\"spacer.default\">\n\t\t\t\t<div class=\"elementor-widget-container\">\n\t\t\t\t\t<div class=\"elementor-spacer\">\n\t\t\t<div class=\"elementor-spacer-inner\"><\/div>\n\t\t<\/div>\n\t\t\t\t<\/div>\n\t\t\t\t<\/div>\n\t\t\t\t<div class=\"elementor-element elementor-element-e085b55 elementor-widget elementor-widget-heading\" data-id=\"e085b55\" data-element_type=\"widget\" data-widget_type=\"heading.default\">\n\t\t\t\t<div class=\"elementor-widget-container\">\n\t\t\t<h2 class=\"elementor-heading-title elementor-size-default\">Pol\u00edtica de Privacitat<\/h2>\t\t<\/div>\n\t\t\t\t<\/div>\n\t\t\t\t\t<\/div>\n\t\t<\/div>\n\t\t\t\t\t<\/div>\n\t\t<\/section>\n\t\t\t\t<section data-particle_enable=\"false\" data-particle-mobile-disabled=\"false\" class=\"elementor-section elementor-top-section elementor-element elementor-element-66f98dc elementor-section-boxed elementor-section-height-default elementor-section-height-default\" data-id=\"66f98dc\" data-element_type=\"section\">\n\t\t\t\t\t\t<div class=\"elementor-container elementor-column-gap-default\">\n\t\t\t\t\t<div class=\"elementor-column elementor-col-100 elementor-top-column elementor-element elementor-element-149809d\" data-id=\"149809d\" data-element_type=\"column\">\n\t\t\t<div class=\"elementor-widget-wrap elementor-element-populated\">\n\t\t\t\t\t\t<div class=\"elementor-element elementor-element-ec272c5 elementor-widget elementor-widget-text-editor\" data-id=\"ec272c5\" data-element_type=\"widget\" data-widget_type=\"text-editor.default\">\n\t\t\t\t<div class=\"elementor-widget-container\">\n\t\t\t\t\t\t\t<p>Denominaci\u00f3 Social: MECANOVIGA SL<\/p><p>E-mail: mecanoviga@mecanoviga.com<\/p><p>Nom de domini: www.mecanoviga.com<\/p>\t\t\t\t\t\t<\/div>\n\t\t\t\t<\/div>\n\t\t\t\t\t<\/div>\n\t\t<\/div>\n\t\t\t\t\t<\/div>\n\t\t<\/section>\n\t\t\t\t<section data-particle_enable=\"false\" data-particle-mobile-disabled=\"false\" class=\"elementor-section elementor-top-section elementor-element elementor-element-109de39 elementor-section-boxed elementor-section-height-default elementor-section-height-default\" data-id=\"109de39\" data-element_type=\"section\">\n\t\t\t\t\t\t<div class=\"elementor-container elementor-column-gap-default\">\n\t\t\t\t\t<div class=\"elementor-column elementor-col-100 elementor-top-column elementor-element elementor-element-f3229e8\" data-id=\"f3229e8\" data-element_type=\"column\">\n\t\t\t<div class=\"elementor-widget-wrap elementor-element-populated\">\n\t\t\t\t\t\t<div class=\"elementor-element elementor-element-b7ef47a elementor-widget elementor-widget-text-editor\" data-id=\"b7ef47a\" data-element_type=\"widget\" data-widget_type=\"text-editor.default\">\n\t\t\t\t<div class=\"elementor-widget-container\">\n\t\t\t\t\t\t\t<p>D&#8217;acord amb el que disposa la Llei Org\u00e0nica 15\/1999, de Protecci\u00f3 de Dades de Car\u00e0cter Personal (LOPD) i la seva normativa de desenvolupament, aix\u00ed com la LSSICE 34\/2002, de 11 de juliol, de la Societat de la Informaci\u00f3 i de Comer\u00e7 Electr\u00f2nic, MECANOVIGA SL, en compliment del que disposen els articles 5 i 6 de la LOPD, informa a tots els usuaris que facilitin o van a facilitar les seves dades personals que aquestes seran incorporades en un fitxer automatitzat que es troba degudament inscrit a l&#8217;Ag\u00e8ncia Espanyola de Protecci\u00f3 de Dades.<\/p>\t\t\t\t\t\t<\/div>\n\t\t\t\t<\/div>\n\t\t\t\t<div class=\"elementor-element elementor-element-25dcbcf elementor-widget elementor-widget-text-editor\" data-id=\"25dcbcf\" data-element_type=\"widget\" data-widget_type=\"text-editor.default\">\n\t\t\t\t<div class=\"elementor-widget-container\">\n\t\t\t\t\t\t\t<p>Els usuaris accepten expressament i de manera lliure i inequ\u00edvoca que les seves dades personals siguin tractades per part de MECANOVIGA SL per a realitzar les seg\u00fcents finalitats:<\/p><p>1. **Remissi\u00f3 de comunicacions comercials publicit\u00e0ries** per e-mail, fax, SMS, MMS, comunitats socials o qualsevol altre mitj\u00e0 electr\u00f2nic o f\u00edsic, present o futur, que possibiliti realitzar comunicacions comercials. Aquestes comunicacions comercials estaran relacionades amb productes o serveis oferts per MECANOVIGA SL aix\u00ed com per part dels col\u00b7laboradors o partners amb els quals aquest hagu\u00e9s arribat a algun acord de promoci\u00f3 comercial entre els seus clients. En aquest cas, els tercers mai tindran acc\u00e9s a les dades personals. En tot cas, les comunicacions comercials seran realitzades per part de MECANOVIGA SL i seran de productes i serveis relacionats amb el sector de MECANOVIGA SL.<\/p><p>2. **Tramitar enc\u00e0rrecs, sol\u00b7licituds o qualsevol tipus de petici\u00f3** que sigui realitzada per l&#8217;usuari a trav\u00e9s de qualsevol de les formes de contacte que es posen a disposici\u00f3 de l&#8217;usuari a MECANOVIGA SL.<\/p><p>MECANOVIGA SL informa i garanteix expressament als usuaris que les seves dades personals no seran cedides en cap cas a terceres companyies, i que sempre que es realitz\u00e9s algun tipus de cessi\u00f3 de dades personals, de manera pr\u00e8via, es sol\u00b7licitaria el consentiment expr\u00e9s, informat i inequ\u00edvoc per part dels titulars.<\/p><p>Mitjan\u00e7ant la cumplimentaci\u00f3 i enviament dels corresponents formularis d\u2019aquesta web, l&#8217;Usuari accepta i autoritza que les seves dades personals siguin objecte de tractament automatitzat per part de MECANOVIGA SL. En cas que vost\u00e8 inclogui en els formularis d\u2019aquesta web dades de car\u00e0cter personal titularitat de terceres persones, haur\u00e0 d&#8217;obtenir, pr\u00e8viament a la seva inclusi\u00f3, el seu consentiment i informar-les dels extrems continguts en els par\u00e0grafs anteriors. Aix\u00ed mateix, en el sup\u00f2sit que es produeixi una transfer\u00e8ncia internacional de dades, l&#8217;usuari, en acceptar la present Pol\u00edtica de Privadesa, d\u00f3na el seu consentiment perqu\u00e8 aquesta es pugui realitzar.<\/p><p>Totes les dades sol\u00b7licitades a trav\u00e9s de MECANOVIGA SL s\u00f3n obligat\u00f2ries, ja que s\u00f3n necess\u00e0ries per a la prestaci\u00f3 d\u2019un servei \u00f2ptim a l\u2019usuari. En cas que no es facilitin totes les dades, MECANOVIGA SL no garanteix que la informaci\u00f3 i serveis facilitats siguin completament ajustats a les seves necessitats.<\/p><p>MECANOVIGA SL garanteix en tot cas a l&#8217;usuari l&#8217;exercici dels drets d&#8217;acc\u00e9s, rectificaci\u00f3, cancel\u00b7laci\u00f3, informaci\u00f3 i oposici\u00f3, en els termes disposats en la legislaci\u00f3 vigent. Per aix\u00f2, d&#8217;acord amb el que disposa la Llei Org\u00e0nica 15\/1999, de Protecci\u00f3 de Dades de Car\u00e0cter Personal (LOPD), podr\u00e0 exercir els seus drets remeten una sol\u00b7licitud expressa, juntament amb una c\u00f2pia del seu DNI, a trav\u00e9s dels seg\u00fcents mitjans:<\/p><p>1. **E-Mail:** mecanoviga@mecanoviga.com<\/p><p>2. **Correu Postal:** Pol\u00edgon Industrial Can Prunera, Carrer del Garraf, 16, 08759 Vallirana, Barcelona.<\/p><p>3. **D\u2019altra banda, l&#8217;usuari podr\u00e0 donar-se de baixa de qualsevol dels serveis de subscripci\u00f3 facilitats enviant un correu electr\u00f2nic a:** mecanoviga@mecanoviga.com.<\/p><p>De la mateixa manera, MECANOVIGA SL ha adoptat totes les mesures t\u00e8cniques i d&#8217;organitzaci\u00f3 necess\u00e0ries per garantir la seguretat i integritat de les dades de car\u00e0cter personal que tracti, aix\u00ed com per evitar la seva p\u00e8rdua, alteraci\u00f3 i\/o acc\u00e9s per part de tercers no autoritzats.<\/p>\t\t\t\t\t\t<\/div>\n\t\t\t\t<\/div>\n\t\t\t\t<div class=\"elementor-element elementor-element-c75e2ec elementor-widget elementor-widget-heading\" data-id=\"c75e2ec\" data-element_type=\"widget\" data-widget_type=\"heading.default\">\n\t\t\t\t<div class=\"elementor-widget-container\">\n\t\t\t<h4 class=\"elementor-heading-title elementor-size-default\">SEGURETAT<\/h4>\t\t<\/div>\n\t\t\t\t<\/div>\n\t\t\t\t<div class=\"elementor-element elementor-element-ab7d94a elementor-widget elementor-widget-text-editor\" data-id=\"ab7d94a\" data-element_type=\"widget\" data-widget_type=\"text-editor.default\">\n\t\t\t\t<div class=\"elementor-widget-container\">\n\t\t\t\t\t\t\t<p>MECANOVIGA SL utilitza t\u00e8cniques de seguretat de la informaci\u00f3 generalment acceptades en la ind\u00fastria, com ara firewalls, procediments de control d&#8217;acc\u00e9s i mecanismes criptogr\u00e0fics, tot aix\u00f2 amb l&#8217;objecte d&#8217;evitar l&#8217;acc\u00e9s no autoritzat a les dades. Per aconseguir aquests fins, l&#8217;usuari\/client accepta que el prestador obtingui dades per a efectes de l&#8217;autenticaci\u00f3 corresponent dels controls d&#8217;acc\u00e9s.<\/p>\t\t\t\t\t\t<\/div>\n\t\t\t\t<\/div>\n\t\t\t\t<div class=\"elementor-element elementor-element-47a9393 elementor-widget elementor-widget-heading\" data-id=\"47a9393\" data-element_type=\"widget\" data-widget_type=\"heading.default\">\n\t\t\t\t<div class=\"elementor-widget-container\">\n\t\t\t<h4 class=\"elementor-heading-title elementor-size-default\">PROPIETAT INDUSTRIAL I INTEL\u00b7LECTUAL<\/h4>\t\t<\/div>\n\t\t\t\t<\/div>\n\t\t\t\t<div class=\"elementor-element elementor-element-f578a7a elementor-widget elementor-widget-text-editor\" data-id=\"f578a7a\" data-element_type=\"widget\" data-widget_type=\"text-editor.default\">\n\t\t\t\t<div class=\"elementor-widget-container\">\n\t\t\t\t\t\t\t<p>Aquesta web \u00e9s propietat de MECANOVIGA SL. Els drets de Propietat Intel\u00b7lectual i drets d&#8217;explotaci\u00f3 i reproducci\u00f3 d&#8217;aquesta web, de les seves p\u00e0gines, pantalles, la informaci\u00f3 que contenen, la seva aparen\u00e7a i disseny, aix\u00ed com els vincles (\u00abhiperlinks\u00bb) que s&#8217;estableixin des d&#8217;ella a altres p\u00e0gines web de qualsevol societat filial i\/o dominada de MECANOVIGA SL, s\u00f3n propietat exclusiva d&#8217;aquesta, llevat que s&#8217;especifiqui expressament una altra cosa. Qualsevol denominaci\u00f3, disseny i\/o logotip, aix\u00ed com qualsevol producte o servei oferts i reflectits en aquesta p\u00e0gina web, s\u00f3n marques degudament registrades per MECANOVIGA SL, per les seves societats filials i\/o dominades o per tercers. Qualsevol \u00fas indegut d&#8217;aquestes per persones diferents del seu leg\u00edtim titular i sense el consentiment expr\u00e9s i inequ\u00edvoc per part d&#8217;aquest podr\u00e0 ser denunciat i perseguit a trav\u00e9s de tots els mitjans legals existents en l&#8217;ordenament jur\u00eddic espanyol i\/o comunitari.<\/p><p>Els drets de propietat intel\u00b7lectual i marques de tercers estan destacats convenientment i han de ser respectats per tot aquell que accedeixi a aquesta p\u00e0gina, no sent responsabilitat de MECANOVIGA SL l&#8217;\u00fas que l&#8217;usuari pugui portar a terme al respecte, recaient la responsabilitat exclusiva en la seva persona.<\/p><p>Nom\u00e9s per a \u00fas personal i privat es permet descarregar els continguts, copiar o imprimir qualsevol p\u00e0gina d&#8217;aquesta web. Queda prohibit reproduir, transmetre, modificar o suprimir la informaci\u00f3, contingut o advert\u00e8ncies d&#8217;aquesta web sense la pr\u00e8via autoritzaci\u00f3 per escrit de MECANOVIGA SL.<\/p><p>Els continguts subministrats per MECANOVIGA SL estan subjectes als drets de propietat intel\u00b7lectual i industrial i s\u00f3n titularitat exclusiva de MECANOVIGA SL o de les persones f\u00edsiques o jur\u00eddiques que s&#8217;informi. Mitjan\u00e7ant l&#8217;adquisici\u00f3 d&#8217;un producte o servei, MECANOVIGA SL no confereix a l&#8217;adquirent cap dret d&#8217;alteraci\u00f3, explotaci\u00f3, reproducci\u00f3, distribuci\u00f3 o comunicaci\u00f3 p\u00fablica sobre el mateix, reservant-se MECANOVIGA SL tots aquests drets. La cessi\u00f3 dels citats drets requerir\u00e0 el previ consentiment per escrit per part del titular dels mateixos, de manera que el client no podr\u00e0 posar a disposici\u00f3 de terceres persones aquests continguts.<\/p><p>La propietat intel\u00b7lectual s&#8217;est\u00e9n, a m\u00e9s del contingut incl\u00f2s en MECANOVIGA SL, als seus gr\u00e0fics, logotips, dissenys, imatges i codi font utilitzat per a la seva programaci\u00f3.<\/p><p>MECANOVIGA SL ha obtingut la informaci\u00f3 i els materials inclosos en la web de fonts considerades com a fiables i, si b\u00e9 s&#8217;han pres mesures raonables per assegurar-se que la informaci\u00f3 continguda \u00e9s la correcta, MECANOVIGA SL no pot garantir que en tot moment i circumst\u00e0ncia dita informaci\u00f3 sigui exacta, completa, actualitzada i, conseq\u00fcentment, no s&#8217;ha de confiar en ella com si ho fos. MECANOVIGA SL declina expressament qualsevol responsabilitat per error o omissi\u00f3 en la informaci\u00f3 continguda en les p\u00e0gines d&#8217;aquesta web.<\/p><p>MECANOVIGA SL es reserva la facultat de modificar, suspendre, cancel\u00b7lar o restringir el contingut de la web, els vincles o la informaci\u00f3 obtinguda a trav\u00e9s d&#8217;ella, sense necessitat de previ av\u00eds. Aquesta, en cap cas, assumeix responsabilitat alguna com a conseq\u00fc\u00e8ncia de la incorrecta utilitzaci\u00f3 de la web que pugui portar a terme l&#8217;usuari, tant de la informaci\u00f3 com dels serveis en ella continguts.<\/p><p>En cap cas MECANOVIGA SL, les seves sucursals i\/o centres de treball, els seus directors i\/o apoderats, empleats i, en general, el personal autoritzat seran responsables de qualsevol tipus de perjudici, p\u00e8rdues, reclamacions o despeses de cap tipus, tant si procedeixen, directa o indirectament, de l&#8217;\u00fas i\/o difusi\u00f3 de la web o de la informaci\u00f3 adquirida o accedida per o a trav\u00e9s d&#8217;aquesta, o dels seus virus inform\u00e0tics, de fallos operatius o d&#8217;interrupcions en el servei o transmissi\u00f3 o de fallos en la l\u00ednia en l&#8217;\u00fas de la web, tant per connexi\u00f3 directa com per vincle o altre mitj\u00e0, constituint a tots els efectes legals un av\u00eds a qualsevol usuari que aquestes possibilitats i esdeveniments poden oc\u00f3rrer.<\/p><p>MECANOVIGA SL no es fa responsable de les webs no pr\u00f2pies a les quals es pugui accedir mitjan\u00e7ant vincles o enlla\u00e7os (\u00ablinks\u00bb) o de qualsevol contingut posat a disposici\u00f3 de tercers. Qualsevol \u00fas d&#8217;un vincle o acc\u00e9s a una web no pr\u00f2pia ser\u00e0 realitzat per voluntat i a risc i ventura exclusiva de l&#8217;usuari. MECANOVIGA SL no recomana ni garanteix cap de la\/s informaci\u00f3\/es obtinguda\/s per o a trav\u00e9s d&#8217;un vincle, ni es responsabilitza de cap p\u00e8rdua, reclamaci\u00f3 o perjudici derivat de l&#8217;\u00fas o mal \u00fas d&#8217;un vincle, o de la informaci\u00f3 obtinguda a trav\u00e9s d&#8217;ell, incloent altres vincles o webs, de la interrupci\u00f3 en el servei o en l&#8217;acc\u00e9s, o del intent d&#8217;usar o usar malament un vincle, tant al connectar-se a la web de MECANOVIGA SL com al accedir a la informaci\u00f3 d&#8217;altres webs des de la mateixa.<\/p>\t\t\t\t\t\t<\/div>\n\t\t\t\t<\/div>\n\t\t\t\t<div class=\"elementor-element elementor-element-b912d45 elementor-widget elementor-widget-heading\" data-id=\"b912d45\" data-element_type=\"widget\" data-widget_type=\"heading.default\">\n\t\t\t\t<div class=\"elementor-widget-container\">\n\t\t\t<h4 class=\"elementor-heading-title elementor-size-default\">LLEI APLICABLE<\/h4>\t\t<\/div>\n\t\t\t\t<\/div>\n\t\t\t\t<div class=\"elementor-element elementor-element-308264c elementor-widget elementor-widget-text-editor\" data-id=\"308264c\" data-element_type=\"widget\" data-widget_type=\"text-editor.default\">\n\t\t\t\t<div class=\"elementor-widget-container\">\n\t\t\t\t\t\t\t<p>La llei aplicable en cas de disputa o conflicte d&#8217;interpretaci\u00f3 dels termes que conformen aquesta Pol\u00edtica de Privadesa, aix\u00ed com qualsevol q\u00fcesti\u00f3 relacionada amb els serveis d&#8217;aquesta web, ser\u00e0 la llei espanyola.<\/p>\t\t\t\t\t\t<\/div>\n\t\t\t\t<\/div>\n\t\t\t\t<div class=\"elementor-element elementor-element-0e33e5e elementor-widget elementor-widget-spacer\" data-id=\"0e33e5e\" data-element_type=\"widget\" data-widget_type=\"spacer.default\">\n\t\t\t\t<div class=\"elementor-widget-container\">\n\t\t\t\t\t<div class=\"elementor-spacer\">\n\t\t\t<div class=\"elementor-spacer-inner\"><\/div>\n\t\t<\/div>\n\t\t\t\t<\/div>\n\t\t\t\t<\/div>\n\t\t\t\t\t<\/div>\n\t\t<\/div>\n\t\t\t\t\t<\/div>\n\t\t<\/section>\n\t\t\t\t<\/div>\n\t\t","protected":false},"excerpt":{"rendered":"<p>Pol\u00edtica de Privacitat Denominaci\u00f3 Social: MECANOVIGA SL E-mail: mecanoviga@mecanoviga.com Nom de domini: www.mecanoviga.com D&#8217;acord amb el que disposa la Llei [&hellip;]<\/p>\n","protected":false},"author":1,"featured_media":0,"parent":0,"menu_order":0,"comment_status":"closed","ping_status":"closed","template":"","meta":{"site-sidebar-layout":"no-sidebar","site-content-layout":"","ast-site-content-layout":"full-width-container","site-content-style":"default","site-sidebar-style":"default","ast-global-header-display":"","ast-banner-title-visibility":"","ast-main-header-display":"","ast-hfb-above-header-display":"","ast-hfb-below-header-display":"","ast-hfb-mobile-header-display":"","site-post-title":"disabled","ast-breadcrumbs-content":"","ast-featured-img":"disabled","footer-sml-layout":"","theme-transparent-header-meta":"","adv-header-id-meta":"","stick-header-meta":"","header-above-stick-meta":"","header-main-stick-meta":"","header-below-stick-meta":"","astra-migrate-meta-layouts":"default","ast-page-background-enabled":"default","ast-page-background-meta":{"desktop":{"background-color":"var(--ast-global-color-4)","background-image":"","background-repeat":"repeat","background-position":"center center","background-size":"auto","background-attachment":"scroll","background-type":"","background-media":"","overlay-type":"","overlay-color":"","overlay-opacity":"","overlay-gradient":""},"tablet":{"background-color":"","background-image":"","background-repeat":"repeat","background-position":"center center","background-size":"auto","background-attachment":"scroll","background-type":"","background-media":"","overlay-type":"","overlay-color":"","overlay-opacity":"","overlay-gradient":""},"mobile":{"background-color":"","background-image":"","background-repeat":"repeat","background-position":"center center","background-size":"auto","background-attachment":"scroll","background-type":"","background-media":"","overlay-type":"","overlay-color":"","overlay-opacity":"","overlay-gradient":""}},"ast-content-background-meta":{"desktop":{"background-color":"var(--ast-global-color-5)","background-image":"","background-repeat":"repeat","background-position":"center center","background-size":"auto","background-attachment":"scroll","background-type":"","background-media":"","overlay-type":"","overlay-color":"","overlay-opacity":"","overlay-gradient":""},"tablet":{"background-color":"var(--ast-global-color-5)","background-image":"","background-repeat":"repeat","background-position":"center center","background-size":"auto","background-attachment":"scroll","background-type":"","background-media":"","overlay-type":"","overlay-color":"","overlay-opacity":"","overlay-gradient":""},"mobile":{"background-color":"var(--ast-global-color-5)","background-image":"","background-repeat":"repeat","background-position":"center center","background-size":"auto","background-attachment":"scroll","background-type":"","background-media":"","overlay-type":"","overlay-color":"","overlay-opacity":"","overlay-gradient":""}},"footnotes":""},"class_list":["post-1664","page","type-page","status-publish","hentry"],"_links":{"self":[{"href":"https:\/\/www.mecanoviga.com\/ca\/wp-json\/wp\/v2\/pages\/1664","targetHints":{"allow":["GET"]}}],"collection":[{"href":"https:\/\/www.mecanoviga.com\/ca\/wp-json\/wp\/v2\/pages"}],"about":[{"href":"https:\/\/www.mecanoviga.com\/ca\/wp-json\/wp\/v2\/types\/page"}],"author":[{"embeddable":true,"href":"https:\/\/www.mecanoviga.com\/ca\/wp-json\/wp\/v2\/users\/1"}],"replies":[{"embeddable":true,"href":"https:\/\/www.mecanoviga.com\/ca\/wp-json\/wp\/v2\/comments?post=1664"}],"version-history":[{"count":22,"href":"https:\/\/www.mecanoviga.com\/ca\/wp-json\/wp\/v2\/pages\/1664\/revisions"}],"predecessor-version":[{"id":1695,"href":"https:\/\/www.mecanoviga.com\/ca\/wp-json\/wp\/v2\/pages\/1664\/revisions\/1695"}],"wp:attachment":[{"href":"https:\/\/www.mecanoviga.com\/ca\/wp-json\/wp\/v2\/media?parent=1664"}],"curies":[{"name":"wp","href":"https:\/\/api.w.org\/{rel}","templated":true}]}}