{"id":1739,"date":"2024-10-31T19:06:38","date_gmt":"2024-10-31T18:06:38","guid":{"rendered":"https:\/\/www.mecanoviga.com\/politica-de-privacitat\/"},"modified":"2024-11-04T18:36:20","modified_gmt":"2024-11-04T17:36:20","slug":"politique-de-confidentialite","status":"publish","type":"page","link":"https:\/\/www.mecanoviga.com\/fr\/politique-de-confidentialite\/","title":{"rendered":"Politique de confidentialit\u00e9"},"content":{"rendered":"\t\t<div data-elementor-type=\"wp-page\" data-elementor-id=\"1739\" class=\"elementor elementor-1739 elementor-1664\" data-elementor-post-type=\"page\">\n\t\t\t\t\t\t<section data-particle_enable=\"false\" data-particle-mobile-disabled=\"false\" class=\"elementor-section elementor-top-section elementor-element elementor-element-7d378d1 elementor-section-boxed elementor-section-height-default elementor-section-height-default\" data-id=\"7d378d1\" data-element_type=\"section\">\n\t\t\t\t\t\t<div class=\"elementor-container elementor-column-gap-default\">\n\t\t\t\t\t<div class=\"elementor-column elementor-col-100 elementor-top-column elementor-element elementor-element-84e05c0\" data-id=\"84e05c0\" data-element_type=\"column\">\n\t\t\t<div class=\"elementor-widget-wrap elementor-element-populated\">\n\t\t\t\t\t\t<div class=\"elementor-element elementor-element-a1cb6a7 elementor-widget elementor-widget-spacer\" data-id=\"a1cb6a7\" data-element_type=\"widget\" data-widget_type=\"spacer.default\">\n\t\t\t\t<div class=\"elementor-widget-container\">\n\t\t\t\t\t<div class=\"elementor-spacer\">\n\t\t\t<div class=\"elementor-spacer-inner\"><\/div>\n\t\t<\/div>\n\t\t\t\t<\/div>\n\t\t\t\t<\/div>\n\t\t\t\t<div class=\"elementor-element elementor-element-e085b55 elementor-widget elementor-widget-heading\" data-id=\"e085b55\" data-element_type=\"widget\" data-widget_type=\"heading.default\">\n\t\t\t\t<div class=\"elementor-widget-container\">\n\t\t\t<h2 class=\"elementor-heading-title elementor-size-default\">Politique de confidentialit\u00e9\u200b<\/h2>\t\t<\/div>\n\t\t\t\t<\/div>\n\t\t\t\t\t<\/div>\n\t\t<\/div>\n\t\t\t\t\t<\/div>\n\t\t<\/section>\n\t\t\t\t<section data-particle_enable=\"false\" data-particle-mobile-disabled=\"false\" class=\"elementor-section elementor-top-section elementor-element elementor-element-66f98dc elementor-section-boxed elementor-section-height-default elementor-section-height-default\" data-id=\"66f98dc\" data-element_type=\"section\">\n\t\t\t\t\t\t<div class=\"elementor-container elementor-column-gap-default\">\n\t\t\t\t\t<div class=\"elementor-column elementor-col-100 elementor-top-column elementor-element elementor-element-149809d\" data-id=\"149809d\" data-element_type=\"column\">\n\t\t\t<div class=\"elementor-widget-wrap elementor-element-populated\">\n\t\t\t\t\t\t<div class=\"elementor-element elementor-element-ec272c5 elementor-widget elementor-widget-text-editor\" data-id=\"ec272c5\" data-element_type=\"widget\" data-widget_type=\"text-editor.default\">\n\t\t\t\t<div class=\"elementor-widget-container\">\n\t\t\t\t\t\t\t<p>D\u00e9nomination sociale : MECANOVIGA SL<\/p><p>E-mail : mecanoviga@mecanoviga.com<\/p><p>Nom de domaine : www.mecanoviga.com<\/p>\t\t\t\t\t\t<\/div>\n\t\t\t\t<\/div>\n\t\t\t\t\t<\/div>\n\t\t<\/div>\n\t\t\t\t\t<\/div>\n\t\t<\/section>\n\t\t\t\t<section data-particle_enable=\"false\" data-particle-mobile-disabled=\"false\" class=\"elementor-section elementor-top-section elementor-element elementor-element-109de39 elementor-section-boxed elementor-section-height-default elementor-section-height-default\" data-id=\"109de39\" data-element_type=\"section\">\n\t\t\t\t\t\t<div class=\"elementor-container elementor-column-gap-default\">\n\t\t\t\t\t<div class=\"elementor-column elementor-col-100 elementor-top-column elementor-element elementor-element-f3229e8\" data-id=\"f3229e8\" data-element_type=\"column\">\n\t\t\t<div class=\"elementor-widget-wrap elementor-element-populated\">\n\t\t\t\t\t\t<div class=\"elementor-element elementor-element-b7ef47a elementor-widget elementor-widget-text-editor\" data-id=\"b7ef47a\" data-element_type=\"widget\" data-widget_type=\"text-editor.default\">\n\t\t\t\t<div class=\"elementor-widget-container\">\n\t\t\t\t\t\t\t<p>Conform\u00e9ment \u00e0 la Loi Organique 15\/1999 sur la Protection des Donn\u00e9es \u00e0 Caract\u00e8re Personnel (LOPD) et sa r\u00e9glementation de d\u00e9veloppement, ainsi qu&rsquo;\u00e0 la LSSICE 34\/2002 du 11 juillet sur la Soci\u00e9t\u00e9 de l&rsquo;Information et le Commerce \u00c9lectronique, MECANOVIGA SL, en conformit\u00e9 avec les dispositions des articles 5 et 6 de la LOPD, informe tous les utilisateurs qui fournissent ou vont fournir leurs donn\u00e9es personnelles que celles-ci seront int\u00e9gr\u00e9es dans un fichier automatis\u00e9 d\u00fbment inscrit aupr\u00e8s de l&rsquo;Agence Espagnole de Protection des Donn\u00e9es.<\/p>\t\t\t\t\t\t<\/div>\n\t\t\t\t<\/div>\n\t\t\t\t<div class=\"elementor-element elementor-element-25dcbcf elementor-widget elementor-widget-text-editor\" data-id=\"25dcbcf\" data-element_type=\"widget\" data-widget_type=\"text-editor.default\">\n\t\t\t\t<div class=\"elementor-widget-container\">\n\t\t\t\t\t\t\t<p>Les utilisateurs acceptent express\u00e9ment et de mani\u00e8re libre et sans \u00e9quivoque que leurs donn\u00e9es personnelles soient trait\u00e9es par MECANOVIGA SL pour r\u00e9aliser les finalit\u00e9s suivantes :<\/p><p>1. **Envoi de communications commerciales publicitaires** par e-mail, fax, SMS, MMS, r\u00e9seaux sociaux ou tout autre moyen \u00e9lectronique ou physique, pr\u00e9sent ou futur, permettant de r\u00e9aliser des communications commerciales. Ces communications commerciales seront li\u00e9es \u00e0 des produits ou services offerts par MECANOVIGA SL ainsi que par les partenaires ou collaborateurs avec lesquels elle aurait conclu un accord de promotion commerciale. Dans ce cas, les tiers n&rsquo;auront jamais acc\u00e8s aux donn\u00e9es personnelles. En tout \u00e9tat de cause, les communications commerciales seront r\u00e9alis\u00e9es par MECANOVIGA SL et concerneront des produits et services li\u00e9s au secteur de MECANOVIGA SL.<\/p><p>2. **Traiter les commandes, demandes ou tout type de requ\u00eate** effectu\u00e9e par l&rsquo;utilisateur via l&rsquo;un des moyens de contact mis \u00e0 disposition par MECANOVIGA SL.<\/p><p>MECANOVIGA SL informe et garantit express\u00e9ment aux utilisateurs que leurs donn\u00e9es personnelles ne seront en aucun cas c\u00e9d\u00e9es \u00e0 des tiers, et que chaque fois qu&rsquo;une cession de donn\u00e9es personnelles aurait lieu, un consentement express, \u00e9clair\u00e9 et sans \u00e9quivoque des titulaires sera demand\u00e9 au pr\u00e9alable.<\/p><p>En remplissant et en envoyant les formulaires correspondants de ce site, l&rsquo;utilisateur accepte et autorise que ses donn\u00e9es personnelles fassent l&rsquo;objet d&rsquo;un traitement automatis\u00e9 par MECANOVIGA SL. Dans le cas o\u00f9 vous incluez dans les formulaires de ce site des donn\u00e9es personnelles appartenant \u00e0 des tiers, vous devez, avant leur inclusion, obtenir leur consentement et les informer des points contenus dans les paragraphes pr\u00e9c\u00e9dents. De plus, dans l&rsquo;hypoth\u00e8se o\u00f9 un transfert international de donn\u00e9es se produirait, l&rsquo;utilisateur, en acceptant cette Politique de Confidentialit\u00e9, donne son consentement pour que cela puisse avoir lieu.<\/p><p>Toutes les donn\u00e9es demand\u00e9es par MECANOVIGA SL sont obligatoires, car elles sont n\u00e9cessaires pour fournir un service optimal \u00e0 l&rsquo;utilisateur. Si toutes les donn\u00e9es ne sont pas fournies, MECANOVIGA SL ne garantit pas que les informations et services fournis soient enti\u00e8rement adapt\u00e9s \u00e0 ses besoins.<\/p><p>MECANOVIGA SL garantit en tout \u00e9tat de cause \u00e0 l&rsquo;utilisateur l&rsquo;exercice de ses droits d&rsquo;acc\u00e8s, de rectification, d&rsquo;annulation, d&rsquo;information et d&rsquo;opposition, dans les termes pr\u00e9vus par la l\u00e9gislation en vigueur. Par cons\u00e9quent, conform\u00e9ment \u00e0 la Loi Organique 15\/1999 sur la Protection des Donn\u00e9es \u00e0 Caract\u00e8re Personnel (LOPD), vous pourrez exercer vos droits en envoyant une demande explicite, accompagn\u00e9e d&rsquo;une copie de votre carte d&rsquo;identit\u00e9, par l&rsquo;un des moyens suivants :<\/p><p>1. **E-Mail :** mecanoviga@mecanoviga.com<\/p><p>2. **Courrier postal :** Pol\u00edgono Industrial Can Prunera, Calle del Garraf, 16, 08759 Vallirana, Barcelone.<\/p><p>3. **De la m\u00eame mani\u00e8re, l&rsquo;utilisateur pourra se d\u00e9sabonner de l&rsquo;un des services d&rsquo;abonnement fournis en envoyant un e-mail \u00e0 :** mecanoviga@mecanoviga.com.<\/p><p>De m\u00eame, MECANOVIGA SL a adopt\u00e9 toutes les mesures techniques et organisationnelles n\u00e9cessaires pour garantir la s\u00e9curit\u00e9 et l&rsquo;int\u00e9grit\u00e9 des donn\u00e9es personnelles qu&rsquo;elle traite, ainsi que pour \u00e9viter leur perte, alt\u00e9ration et\/ou acc\u00e8s par des tiers non autoris\u00e9s.<\/p>\t\t\t\t\t\t<\/div>\n\t\t\t\t<\/div>\n\t\t\t\t<div class=\"elementor-element elementor-element-c75e2ec elementor-widget elementor-widget-heading\" data-id=\"c75e2ec\" data-element_type=\"widget\" data-widget_type=\"heading.default\">\n\t\t\t\t<div class=\"elementor-widget-container\">\n\t\t\t<h4 class=\"elementor-heading-title elementor-size-default\">S\u00c9CURIT\u00c9<\/h4>\t\t<\/div>\n\t\t\t\t<\/div>\n\t\t\t\t<div class=\"elementor-element elementor-element-ab7d94a elementor-widget elementor-widget-text-editor\" data-id=\"ab7d94a\" data-element_type=\"widget\" data-widget_type=\"text-editor.default\">\n\t\t\t\t<div class=\"elementor-widget-container\">\n\t\t\t\t\t\t\t<p>MECANOVIGA SL utilise des techniques de s\u00e9curit\u00e9 de l&rsquo;information g\u00e9n\u00e9ralement accept\u00e9es dans l&rsquo;industrie, telles que des pare-feu, des proc\u00e9dures de contr\u00f4le d&rsquo;acc\u00e8s et des m\u00e9canismes cryptographiques, dans le but d&rsquo;\u00e9viter tout acc\u00e8s non autoris\u00e9 aux donn\u00e9es. Pour atteindre ces objectifs, l&rsquo;utilisateur\/client accepte que le prestataire obtienne des donn\u00e9es aux fins de l&rsquo;authentification correspondante des contr\u00f4les d&rsquo;acc\u00e8s.<\/p>\t\t\t\t\t\t<\/div>\n\t\t\t\t<\/div>\n\t\t\t\t<div class=\"elementor-element elementor-element-47a9393 elementor-widget elementor-widget-heading\" data-id=\"47a9393\" data-element_type=\"widget\" data-widget_type=\"heading.default\">\n\t\t\t\t<div class=\"elementor-widget-container\">\n\t\t\t<h4 class=\"elementor-heading-title elementor-size-default\">PROPRI\u00c9T\u00c9 INDUSTRIELLE ET INTELLECTUELLE<\/h4>\t\t<\/div>\n\t\t\t\t<\/div>\n\t\t\t\t<div class=\"elementor-element elementor-element-f578a7a elementor-widget elementor-widget-text-editor\" data-id=\"f578a7a\" data-element_type=\"widget\" data-widget_type=\"text-editor.default\">\n\t\t\t\t<div class=\"elementor-widget-container\">\n\t\t\t\t\t\t\t<p>Ce site web est la propri\u00e9t\u00e9 de MECANOVIGA SL. Les droits de propri\u00e9t\u00e9 intellectuelle et les droits d&rsquo;exploitation et de reproduction de ce site, de ses pages, de ses \u00e9crans, des informations qu&rsquo;il contient, de son apparence et de son design, ainsi que des liens (\u00abhyperliens\u00bb) \u00e9tablis \u00e0 partir de celui-ci vers d&rsquo;autres pages web de toute soci\u00e9t\u00e9 filiale et\/ou contr\u00f4l\u00e9e par MECANOVIGA SL, sont la propri\u00e9t\u00e9 exclusive de cette derni\u00e8re, sauf indication contraire explicite. Toute d\u00e9nomination, design et\/ou logo, ainsi que tout produit ou service offerts et refl\u00e9t\u00e9s sur ce site web, sont des marques d\u00fbment enregistr\u00e9es par MECANOVIGA SL, par ses soci\u00e9t\u00e9s filiales et\/ou contr\u00f4l\u00e9es ou par des tiers. Toute utilisation abusive de celles-ci par des personnes autres que leur titulaire l\u00e9gitime et sans le consentement expr\u00e8s et sans \u00e9quivoque de celui-ci pourra faire l&rsquo;objet de d\u00e9nonciations et de poursuites par tous les moyens l\u00e9gaux existants dans le droit espagnol et\/ou communautaire.<\/p><p>Les droits de propri\u00e9t\u00e9 intellectuelle et les marques de tiers sont correctement mis en \u00e9vidence et doivent \u00eatre respect\u00e9s par quiconque acc\u00e8de \u00e0 ce site, MECANOVIGA SL ne pouvant \u00eatre tenu responsable de l&rsquo;utilisation que l&rsquo;utilisateur pourrait en faire, la responsabilit\u00e9 \u00e9tant exclusivement de sa part.<\/p><p>Les contenus peuvent \u00eatre t\u00e9l\u00e9charg\u00e9s, copi\u00e9s ou imprim\u00e9s \u00e0 des fins personnelles et priv\u00e9es. Il est interdit de reproduire, transmettre, modifier ou supprimer les informations, contenus ou avertissements de ce site sans l&rsquo;autorisation pr\u00e9alable par \u00e9crit de MECANOVIGA SL.<\/p><p>Les contenus fournis par MECANOVIGA SL sont soumis aux droits de propri\u00e9t\u00e9 intellectuelle et industrielle et sont la propri\u00e9t\u00e9 exclusive de MECANOVIGA SL ou des personnes physiques ou morales mentionn\u00e9es. Par l&rsquo;acquisition d&rsquo;un produit ou service, MECANOVIGA SL ne conf\u00e8re \u00e0 l&rsquo;acqu\u00e9reur aucun droit d&rsquo;alt\u00e9ration, d&rsquo;exploitation, de reproduction, de distribution ou de communication publique \u00e0 ce sujet, MECANOVIGA SL se r\u00e9servant tous ces droits. La cession des droits mentionn\u00e9s n\u00e9cessitera le consentement pr\u00e9alable par \u00e9crit du titulaire, de sorte que le client ne pourra pas mettre ces contenus \u00e0 la disposition de tiers.<\/p><p>La propri\u00e9t\u00e9 intellectuelle s&rsquo;\u00e9tend, en plus du contenu inclus dans MECANOVIGA SL, \u00e0 ses graphiques, logos, designs, images et codes sources utilis\u00e9s pour sa programmation.<\/p><p>MECANOVIGA SL a obtenu les informations et les mat\u00e9riaux inclus dans le site de sources consid\u00e9r\u00e9es comme fiables et, bien que des mesures raisonnables aient \u00e9t\u00e9 prises pour s&rsquo;assurer que les informations contenues sont correctes, MECANOVIGA SL ne peut garantir qu&rsquo;\u00e0 tout moment et dans toutes les circonstances ces informations sont exactes, compl\u00e8tes, \u00e0 jour et, par cons\u00e9quent, elles ne doivent pas \u00eatre consid\u00e9r\u00e9es comme telles. MECANOVIGA SL d\u00e9cline express\u00e9ment toute responsabilit\u00e9 pour toute erreur ou omission dans les informations contenues sur les pages de ce site.<\/p><p>MECANOVIGA SL se r\u00e9serve le droit de modifier, suspendre, annuler ou restreindre le contenu du site, les liens ou les informations obtenues \u00e0 travers celui-ci, sans pr\u00e9avis. Elle n&rsquo;assume en aucun cas la responsabilit\u00e9 des cons\u00e9quences d&rsquo;une utilisation incorrecte du site que l&rsquo;utilisateur pourrait en faire, tant en ce qui concerne les informations que les services qu&rsquo;il contient.<\/p><p>En aucun cas MECANOVIGA SL, ses succursales et\/ou centres de travail, ses directeurs et\/ou repr\u00e9sentants, employ\u00e9s et, en g\u00e9n\u00e9ral, le personnel autoris\u00e9 ne seront responsables de tout type de pr\u00e9judice, pertes, r\u00e9clamations ou d\u00e9penses de quelque nature que ce soit, qu&rsquo;elles proviennent directement ou indirectement de l&rsquo;utilisation et\/ou de la diffusion du site ou des informations acquises ou accessibles par ou \u00e0 travers celui-ci, ou de ses virus informatiques, de d\u00e9faillances op\u00e9rationnelles ou d&rsquo;interruptions dans le service ou la transmission ou de d\u00e9faillances dans la ligne lors de l&rsquo;utilisation du site, que ce soit par connexion directe ou par lien ou tout autre moyen, constituant \u00e0 tous \u00e9gards un avis \u00e0 tout utilisateur que ces possibilit\u00e9s et \u00e9v\u00e9nements peuvent se produire.<\/p><p>MECANOVIGA SL n&rsquo;est pas responsable des sites qui ne lui appartiennent pas auxquels il est possible d&rsquo;acc\u00e9der par des liens ou des hyperliens (\u00ablinks\u00bb) ou de tout contenu mis \u00e0 la disposition de tiers. Toute utilisation d&rsquo;un lien ou acc\u00e8s \u00e0 un site qui ne lui appartient pas se fera \u00e0 la volont\u00e9 et aux risques exclusifs de l&rsquo;utilisateur. MECANOVIGA SL ne recommande ni ne garantit aucune des informations obtenues par ou \u00e0 travers un lien, ni ne peut \u00eatre tenue responsable de toute perte, r\u00e9clamation ou pr\u00e9judice r\u00e9sultant de l&rsquo;utilisation ou du mauvais usage d&rsquo;un lien, ou des informations obtenues par celui-ci, y compris d&rsquo;autres liens ou sites, de l&rsquo;interruption du service ou de l&rsquo;acc\u00e8s, ou de la tentative d&rsquo;utiliser ou de mal utiliser un lien, tant lors de la connexion au site de MECANOVIGA SL que lors de l&rsquo;acc\u00e8s aux informations d&rsquo;autres sites depuis celui-ci.<\/p>\t\t\t\t\t\t<\/div>\n\t\t\t\t<\/div>\n\t\t\t\t<div class=\"elementor-element elementor-element-b912d45 elementor-widget elementor-widget-heading\" data-id=\"b912d45\" data-element_type=\"widget\" data-widget_type=\"heading.default\">\n\t\t\t\t<div class=\"elementor-widget-container\">\n\t\t\t<h4 class=\"elementor-heading-title elementor-size-default\">LOI APPLICABLE\u200b<\/h4>\t\t<\/div>\n\t\t\t\t<\/div>\n\t\t\t\t<div class=\"elementor-element elementor-element-308264c elementor-widget elementor-widget-text-editor\" data-id=\"308264c\" data-element_type=\"widget\" data-widget_type=\"text-editor.default\">\n\t\t\t\t<div class=\"elementor-widget-container\">\n\t\t\t\t\t\t\t<p>La loi applicable en cas de litige ou de conflit d&rsquo;interpr\u00e9tation des termes de cette Politique de Confidentialit\u00e9, ainsi que toute question li\u00e9e aux services de ce site, sera la loi espagnole.<\/p>\t\t\t\t\t\t<\/div>\n\t\t\t\t<\/div>\n\t\t\t\t<div class=\"elementor-element elementor-element-0e33e5e elementor-widget elementor-widget-spacer\" data-id=\"0e33e5e\" data-element_type=\"widget\" data-widget_type=\"spacer.default\">\n\t\t\t\t<div class=\"elementor-widget-container\">\n\t\t\t\t\t<div class=\"elementor-spacer\">\n\t\t\t<div class=\"elementor-spacer-inner\"><\/div>\n\t\t<\/div>\n\t\t\t\t<\/div>\n\t\t\t\t<\/div>\n\t\t\t\t\t<\/div>\n\t\t<\/div>\n\t\t\t\t\t<\/div>\n\t\t<\/section>\n\t\t\t\t<\/div>\n\t\t","protected":false},"excerpt":{"rendered":"<p>Politique de confidentialit\u00e9\u200b D\u00e9nomination sociale : MECANOVIGA SL E-mail : mecanoviga@mecanoviga.com Nom de domaine : www.mecanoviga.com Conform\u00e9ment \u00e0 la Loi [&hellip;]<\/p>\n","protected":false},"author":1,"featured_media":0,"parent":0,"menu_order":0,"comment_status":"closed","ping_status":"closed","template":"","meta":{"site-sidebar-layout":"no-sidebar","site-content-layout":"","ast-site-content-layout":"full-width-container","site-content-style":"default","site-sidebar-style":"default","ast-global-header-display":"","ast-banner-title-visibility":"","ast-main-header-display":"","ast-hfb-above-header-display":"","ast-hfb-below-header-display":"","ast-hfb-mobile-header-display":"","site-post-title":"disabled","ast-breadcrumbs-content":"","ast-featured-img":"disabled","footer-sml-layout":"","theme-transparent-header-meta":"","adv-header-id-meta":"","stick-header-meta":"","header-above-stick-meta":"","header-main-stick-meta":"","header-below-stick-meta":"","astra-migrate-meta-layouts":"default","ast-page-background-enabled":"default","ast-page-background-meta":{"desktop":{"background-color":"var(--ast-global-color-4)","background-image":"","background-repeat":"repeat","background-position":"center center","background-size":"auto","background-attachment":"scroll","background-type":"","background-media":"","overlay-type":"","overlay-color":"","overlay-opacity":"","overlay-gradient":""},"tablet":{"background-color":"","background-image":"","background-repeat":"repeat","background-position":"center center","background-size":"auto","background-attachment":"scroll","background-type":"","background-media":"","overlay-type":"","overlay-color":"","overlay-opacity":"","overlay-gradient":""},"mobile":{"background-color":"","background-image":"","background-repeat":"repeat","background-position":"center center","background-size":"auto","background-attachment":"scroll","background-type":"","background-media":"","overlay-type":"","overlay-color":"","overlay-opacity":"","overlay-gradient":""}},"ast-content-background-meta":{"desktop":{"background-color":"var(--ast-global-color-5)","background-image":"","background-repeat":"repeat","background-position":"center center","background-size":"auto","background-attachment":"scroll","background-type":"","background-media":"","overlay-type":"","overlay-color":"","overlay-opacity":"","overlay-gradient":""},"tablet":{"background-color":"var(--ast-global-color-5)","background-image":"","background-repeat":"repeat","background-position":"center center","background-size":"auto","background-attachment":"scroll","background-type":"","background-media":"","overlay-type":"","overlay-color":"","overlay-opacity":"","overlay-gradient":""},"mobile":{"background-color":"var(--ast-global-color-5)","background-image":"","background-repeat":"repeat","background-position":"center center","background-size":"auto","background-attachment":"scroll","background-type":"","background-media":"","overlay-type":"","overlay-color":"","overlay-opacity":"","overlay-gradient":""}},"footnotes":""},"class_list":["post-1739","page","type-page","status-publish","hentry"],"_links":{"self":[{"href":"https:\/\/www.mecanoviga.com\/fr\/wp-json\/wp\/v2\/pages\/1739","targetHints":{"allow":["GET"]}}],"collection":[{"href":"https:\/\/www.mecanoviga.com\/fr\/wp-json\/wp\/v2\/pages"}],"about":[{"href":"https:\/\/www.mecanoviga.com\/fr\/wp-json\/wp\/v2\/types\/page"}],"author":[{"embeddable":true,"href":"https:\/\/www.mecanoviga.com\/fr\/wp-json\/wp\/v2\/users\/1"}],"replies":[{"embeddable":true,"href":"https:\/\/www.mecanoviga.com\/fr\/wp-json\/wp\/v2\/comments?post=1739"}],"version-history":[{"count":4,"href":"https:\/\/www.mecanoviga.com\/fr\/wp-json\/wp\/v2\/pages\/1739\/revisions"}],"predecessor-version":[{"id":1743,"href":"https:\/\/www.mecanoviga.com\/fr\/wp-json\/wp\/v2\/pages\/1739\/revisions\/1743"}],"wp:attachment":[{"href":"https:\/\/www.mecanoviga.com\/fr\/wp-json\/wp\/v2\/media?parent=1739"}],"curies":[{"name":"wp","href":"https:\/\/api.w.org\/{rel}","templated":true}]}}